{"id":2949,"date":"2010-10-23T14:44:41","date_gmt":"2010-10-23T13:44:41","guid":{"rendered":"http:\/\/ladoalado.brianzaest.it\/?page_id=2949"},"modified":"2017-08-18T15:43:05","modified_gmt":"2017-08-18T13:43:05","slug":"napipine-suor-ligia","status":"publish","type":"page","link":"http:\/\/ladoalado.brianzaest.it\/?page_id=2949","title":{"rendered":"Napipine &#8211; Suor Ligia"},"content":{"rendered":"<p>Come anticipato a met\u00e0 Settembre, Anna e Roberto hanno potuto ammirare la bellissima aula informatica che <strong>suor Ligia<\/strong> \u00e8 riuscita a completare vicino all&#8217;<strong>Escolinha di S.Pedro<\/strong> a Napipine, quartiere di Nampula in Mozambico.<\/p>\n<p>Ci\u00f2 \u00e8 stato permesso, come sempre, attraverso la donazione da parte dal <strong><a title=\"BITeB\" href=\"http:\/\/www.biteb.org\/\" target=\"_blank\">Banco Informatico<\/a><\/strong> di 5 PC che abbiamo poi spedito all&#8217;inizio di quest&#8217;anno (Febbraio 2010).<\/p>\n<p><iframe loading=\"lazy\" src=\"https:\/\/www.youtube.com\/embed\/SZ3j7zzVtes?rel=0\" width=\"593\" height=\"265\" frameborder=\"0\" allowfullscreen=\"allowfullscreen\"><\/iframe><\/p>\n<p>Come si vede dal filmato che <strong>Roberto<\/strong> ha potuto girare, l&#8217;aula informatica adesso \u00e8 completa!<\/p>\n<p><strong>Suor Ligia<\/strong> ci ha detto che l&#8217;aula <strong>\u00e8 molto utilizzata e molto apprezzata<\/strong>: ci ha pregato di ringraziare tutti quelli che, in un modo o nell&#8217;altro, hanno contribuito alla realizzazione della stessa.<\/p>\n<p>Da parte nostra <strong>un sincero augurio<\/strong> che questi PC possano aiutare alla formazione e all&#8217;istruzione di tutti coloro che finora <strong>non hanno avuto la possibilit\u00e0 di servirsene<\/strong>.<\/p>\n","protected":false},"excerpt":{"rendered":"<p>Come anticipato a met\u00e0 Settembre, Anna e Roberto hanno potuto ammirare la bellissima aula informatica che suor Ligia \u00e8 riuscita a completare vicino all&#8217;Escolinha di S.Pedro a Napipine, quartiere di Nampula in Mozambico. Ci\u00f2 \u00e8 stato permesso, come sempre, attraverso la donazione da parte dal Banco Informatico di 5 PC che abbiamo poi spedito all&#8217;inizio [&hellip;]<\/p>\n","protected":false},"author":1,"featured_media":0,"parent":2936,"menu_order":2,"comment_status":"closed","ping_status":"closed","template":"","meta":[],"_links":{"self":[{"href":"http:\/\/ladoalado.brianzaest.it\/index.php?rest_route=\/wp\/v2\/pages\/2949"}],"collection":[{"href":"http:\/\/ladoalado.brianzaest.it\/index.php?rest_route=\/wp\/v2\/pages"}],"about":[{"href":"http:\/\/ladoalado.brianzaest.it\/index.php?rest_route=\/wp\/v2\/types\/page"}],"author":[{"embeddable":true,"href":"http:\/\/ladoalado.brianzaest.it\/index.php?rest_route=\/wp\/v2\/users\/1"}],"replies":[{"embeddable":true,"href":"http:\/\/ladoalado.brianzaest.it\/index.php?rest_route=%2Fwp%2Fv2%2Fcomments&post=2949"}],"version-history":[{"count":12,"href":"http:\/\/ladoalado.brianzaest.it\/index.php?rest_route=\/wp\/v2\/pages\/2949\/revisions"}],"predecessor-version":[{"id":4783,"href":"http:\/\/ladoalado.brianzaest.it\/index.php?rest_route=\/wp\/v2\/pages\/2949\/revisions\/4783"}],"up":[{"embeddable":true,"href":"http:\/\/ladoalado.brianzaest.it\/index.php?rest_route=\/wp\/v2\/pages\/2936"}],"wp:attachment":[{"href":"http:\/\/ladoalado.brianzaest.it\/index.php?rest_route=%2Fwp%2Fv2%2Fmedia&parent=2949"}],"curies":[{"name":"wp","href":"https:\/\/api.w.org\/{rel}","templated":true}]}}